{"id":3716,"date":"2015-10-09T15:11:45","date_gmt":"2015-10-09T15:11:45","guid":{"rendered":"https:\/\/quintadaparodia.com\/en\/home\/"},"modified":"2023-09-02T17:42:40","modified_gmt":"2023-09-02T17:42:40","slug":"home","status":"publish","type":"page","link":"https:\/\/quintadaparodia.com\/en\/","title":{"rendered":"Home"},"content":{"rendered":"","protected":false},"excerpt":{"rendered":"","protected":false},"author":1,"featured_media":0,"parent":0,"menu_order":0,"comment_status":"closed","ping_status":"closed","template":"template-home.php","meta":[],"yoast_head":"<!-- This site is optimized with the Yoast SEO plugin v18.4.1 - https:\/\/yoast.com\/wordpress\/plugins\/seo\/ -->\n<title>Quinta da Par\u00f3dia: rural space in S\u00e3o Miguel: Home - Quinta da Par\u00f3dia<\/title>\n<meta name=\"description\" content=\"QQuinta da Par\u00f3dia: rural space in S\u00e3o Miguel Azores: where domestic animals of various species are raised, they produce and sell horticultural products.\" \/>\n<meta name=\"robots\" content=\"index, follow, max-snippet:-1, max-image-preview:large, max-video-preview:-1\" \/>\n<link rel=\"canonical\" href=\"https:\/\/quintadaparodia.com\/en\/\" \/>\n<meta property=\"og:locale\" content=\"en_US\" \/>\n<meta property=\"og:type\" content=\"article\" \/>\n<meta property=\"og:title\" content=\"Quinta da Par\u00f3dia: rural space in S\u00e3o Miguel: Home - Quinta da Par\u00f3dia\" \/>\n<meta property=\"og:description\" content=\"QQuinta da Par\u00f3dia: rural space in S\u00e3o Miguel Azores: where domestic animals of various species are raised, they produce and sell horticultural products.\" \/>\n<meta property=\"og:url\" content=\"https:\/\/quintadaparodia.com\/en\/\" \/>\n<meta property=\"og:site_name\" content=\"Quinta da Par\u00f3dia\" \/>\n<meta property=\"article:modified_time\" content=\"2023-09-02T17:42:40+00:00\" \/>\n<meta name=\"twitter:card\" content=\"summary_large_image\" \/>\n<script type=\"application\/ld+json\" class=\"yoast-schema-graph\">{\"@context\":\"https:\/\/schema.org\",\"@graph\":[{\"@type\":\"WebSite\",\"@id\":\"https:\/\/quintadaparodia.com\/#website\",\"url\":\"https:\/\/quintadaparodia.com\/\",\"name\":\"Quinta da Par\u00f3dia\",\"description\":\"Parque Rural de Entretenimento Educativo\",\"potentialAction\":[{\"@type\":\"SearchAction\",\"target\":{\"@type\":\"EntryPoint\",\"urlTemplate\":\"https:\/\/quintadaparodia.com\/?s={search_term_string}\"},\"query-input\":\"required name=search_term_string\"}],\"inLanguage\":\"en-US\"},{\"@type\":\"WebPage\",\"@id\":\"https:\/\/quintadaparodia.com\/en\/#webpage\",\"url\":\"https:\/\/quintadaparodia.com\/en\/\",\"name\":\"Quinta da Par\u00f3dia: rural space in S\u00e3o Miguel: Home - Quinta da Par\u00f3dia\",\"isPartOf\":{\"@id\":\"https:\/\/quintadaparodia.com\/#website\"},\"datePublished\":\"2015-10-09T15:11:45+00:00\",\"dateModified\":\"2023-09-02T17:42:40+00:00\",\"description\":\"QQuinta da Par\u00f3dia: rural space in S\u00e3o Miguel Azores: where domestic animals of various species are raised, they produce and sell horticultural products.\",\"breadcrumb\":{\"@id\":\"https:\/\/quintadaparodia.com\/en\/#breadcrumb\"},\"inLanguage\":\"en-US\",\"potentialAction\":[{\"@type\":\"ReadAction\",\"target\":[\"https:\/\/quintadaparodia.com\/en\/\"]}]},{\"@type\":\"BreadcrumbList\",\"@id\":\"https:\/\/quintadaparodia.com\/en\/#breadcrumb\",\"itemListElement\":[{\"@type\":\"ListItem\",\"position\":1,\"name\":\"Home\",\"item\":\"https:\/\/quintadaparodia.com\/en\/\"},{\"@type\":\"ListItem\",\"position\":2,\"name\":\"Home\"}]}]}<\/script>\n<!-- \/ Yoast SEO plugin. -->","yoast_head_json":{"title":"Quinta da Par\u00f3dia: rural space in S\u00e3o Miguel: Home - Quinta da Par\u00f3dia","description":"QQuinta da Par\u00f3dia: rural space in S\u00e3o Miguel Azores: where domestic animals of various species are raised, they produce and sell horticultural products.","robots":{"index":"index","follow":"follow","max-snippet":"max-snippet:-1","max-image-preview":"max-image-preview:large","max-video-preview":"max-video-preview:-1"},"canonical":"https:\/\/quintadaparodia.com\/en\/","og_locale":"en_US","og_type":"article","og_title":"Quinta da Par\u00f3dia: rural space in S\u00e3o Miguel: Home - Quinta da Par\u00f3dia","og_description":"QQuinta da Par\u00f3dia: rural space in S\u00e3o Miguel Azores: where domestic animals of various species are raised, they produce and sell horticultural products.","og_url":"https:\/\/quintadaparodia.com\/en\/","og_site_name":"Quinta da Par\u00f3dia","article_modified_time":"2023-09-02T17:42:40+00:00","twitter_card":"summary_large_image","schema":{"@context":"https:\/\/schema.org","@graph":[{"@type":"WebSite","@id":"https:\/\/quintadaparodia.com\/#website","url":"https:\/\/quintadaparodia.com\/","name":"Quinta da Par\u00f3dia","description":"Parque Rural de Entretenimento Educativo","potentialAction":[{"@type":"SearchAction","target":{"@type":"EntryPoint","urlTemplate":"https:\/\/quintadaparodia.com\/?s={search_term_string}"},"query-input":"required name=search_term_string"}],"inLanguage":"en-US"},{"@type":"WebPage","@id":"https:\/\/quintadaparodia.com\/en\/#webpage","url":"https:\/\/quintadaparodia.com\/en\/","name":"Quinta da Par\u00f3dia: rural space in S\u00e3o Miguel: Home - Quinta da Par\u00f3dia","isPartOf":{"@id":"https:\/\/quintadaparodia.com\/#website"},"datePublished":"2015-10-09T15:11:45+00:00","dateModified":"2023-09-02T17:42:40+00:00","description":"QQuinta da Par\u00f3dia: rural space in S\u00e3o Miguel Azores: where domestic animals of various species are raised, they produce and sell horticultural products.","breadcrumb":{"@id":"https:\/\/quintadaparodia.com\/en\/#breadcrumb"},"inLanguage":"en-US","potentialAction":[{"@type":"ReadAction","target":["https:\/\/quintadaparodia.com\/en\/"]}]},{"@type":"BreadcrumbList","@id":"https:\/\/quintadaparodia.com\/en\/#breadcrumb","itemListElement":[{"@type":"ListItem","position":1,"name":"Home","item":"https:\/\/quintadaparodia.com\/en\/"},{"@type":"ListItem","position":2,"name":"Home"}]}]}},"acf":[],"_links":{"self":[{"href":"https:\/\/quintadaparodia.com\/en\/wp-json\/wp\/v2\/pages\/3716"}],"collection":[{"href":"https:\/\/quintadaparodia.com\/en\/wp-json\/wp\/v2\/pages"}],"about":[{"href":"https:\/\/quintadaparodia.com\/en\/wp-json\/wp\/v2\/types\/page"}],"author":[{"embeddable":true,"href":"https:\/\/quintadaparodia.com\/en\/wp-json\/wp\/v2\/users\/1"}],"replies":[{"embeddable":true,"href":"https:\/\/quintadaparodia.com\/en\/wp-json\/wp\/v2\/comments?post=3716"}],"version-history":[{"count":13,"href":"https:\/\/quintadaparodia.com\/en\/wp-json\/wp\/v2\/pages\/3716\/revisions"}],"predecessor-version":[{"id":6555,"href":"https:\/\/quintadaparodia.com\/en\/wp-json\/wp\/v2\/pages\/3716\/revisions\/6555"}],"wp:attachment":[{"href":"https:\/\/quintadaparodia.com\/en\/wp-json\/wp\/v2\/media?parent=3716"}],"curies":[{"name":"wp","href":"https:\/\/api.w.org\/{rel}","templated":true}]}}